{"id":15,"date":"2016-03-31T12:56:57","date_gmt":"2016-03-31T11:56:57","guid":{"rendered":"http:\/\/www.chabbert-chimie.com\/?page_id=15"},"modified":"2017-11-08T16:39:18","modified_gmt":"2017-11-08T15:39:18","slug":"editorial","status":"publish","type":"page","link":"https:\/\/www.chabbert-chimie.com\/index.php\/accueil\/editorial\/","title":{"rendered":"La formulation"},"content":{"rendered":"<h1 class=\"entry-title\">Une Science ou un Art ?<\/h1>\n<div class=\"entry-content\">\n<p style=\"text-align: justify;\"><a href=\"http:\/\/www.chabbert-chimie.com\/wp-content\/uploads\/2016\/03\/billionphotos-1866712.jpg\" rel=\"attachment wp-att-734\"><img loading=\"lazy\" decoding=\"async\" class=\"size-medium wp-image-734 alignright\" src=\"http:\/\/www.chabbert-chimie.com\/wp-content\/uploads\/2016\/03\/billionphotos-1866712-300x200.jpg\" alt=\"billionphotos-1866712\" width=\"300\" height=\"200\" srcset=\"https:\/\/www.chabbert-chimie.com\/wp-content\/uploads\/2016\/03\/billionphotos-1866712-300x200.jpg 300w, https:\/\/www.chabbert-chimie.com\/wp-content\/uploads\/2016\/03\/billionphotos-1866712.jpg 500w\" sizes=\"auto, (max-width: 300px) 100vw, 300px\" \/><\/a>La formulation\u00a0chimique est probablement les deux \u00e0 la fois : <strong>une science\u00a0et un art<\/strong>. Elle est omnipr\u00e9sente dans notre vie quotidienne et contribue formidablement \u00e0 notre confort. Bon nombre de personnes n\u2019en\u00a0soup\u00e7onnent pas l&rsquo;importance et pourtant, sans cette discipline nos vies actuelles nous sembleraient bien tristes.<\/p>\n<p style=\"text-align: justify;\"><strong>Mais qu\u2019est-ce donc la \u00ab\u00a0formulation\u00a0\u00bb\u00a0?<\/strong> C\u2019est la science du m\u00e9lange par excellence. Le mot \u00ab\u00a0Formulation\u00a0\u00bb fait\u00a0r\u00e9f\u00e9rence \u00e0 \u00ab\u00a0<em>formule\u00a0\u00bb<\/em>\u00a0et\u00a0induit la notion de \u00a0\u00ab\u00a0<em>composition<\/em>\u00a0\u00bb ou encore\u00a0de\u00a0 \u00ab\u00a0<em>recette<\/em>\u00ab\u00a0\u2026. Car oui, il s\u2019agit\u00a0v\u00e9ritablement de cela et cette notion\u00a0n\u2019est pas vraiment nouvelle\u00a0!<\/p>\n<p style=\"text-align: justify;\"><img loading=\"lazy\" decoding=\"async\" class=\"size-medium wp-image-192 alignleft\" src=\"http:\/\/www.chabbert-chimie.com\/wp-content\/uploads\/2016\/04\/Distillation-300x197.png\" alt=\"Distillation\" width=\"300\" height=\"197\" srcset=\"https:\/\/www.chabbert-chimie.com\/wp-content\/uploads\/2016\/04\/Distillation-300x197.png 300w, https:\/\/www.chabbert-chimie.com\/wp-content\/uploads\/2016\/04\/Distillation.png 522w\" sizes=\"auto, (max-width: 300px) 100vw, 300px\" \/>Depuis la nuit des temps, les hommes ont cherch\u00e9 \u00e0 am\u00e9liorer leur quotidien, leur environnement ou leurs techniques en utilisant les ressources naturelles dont ils disposaient. Ils se sont peu \u00e0 peu rendus compte, souvent par accident, qu\u2019en m\u00e9langeant certaines mati\u00e8res entre-elles, ils obtenaient des synergies ou des propri\u00e9t\u00e9s nouvelles, parfois remarquables, parfois impr\u00e9visibles. Ils comprirent que les mol\u00e9cules avaient la formidable aptitude de se compl\u00e9ter entre-elles ou de s\u2019associer pour d\u00e9cupler leurs actions. Ce f\u00fbt les pr\u00e9mices de la chimie.<\/p>\n<p style=\"text-align: justify;\"><strong>La\u00a0Formulation\u00a0n&rsquo;est pas\u00a0 vraiment de la chimie&#8230;<\/strong><\/p>\n<p style=\"text-align: justify;\">En effet, la chimie consiste a faire r\u00e9agir intimement\u00a0plusieurs mol\u00e9cules pour en cr\u00e9er une nouvelle. Cela s\u2019appelle faire une \u00ab\u00a0synth\u00e8se\u00a0\u00bb. Alors que la formulation consiste a\u00a0cr\u00e9er un m\u00e9lange stable\u00a0en utilisant\u00a0des ingr\u00e9dients judicieusement choisis, dans les bonnes proportions et en suivant une\u00a0m\u00e9thodologie pr\u00e9cise. Cette diff\u00e9rence est fondamentale.<\/p>\n<p style=\"text-align: left;\">On retrouve cette science applicative dans absolument tous les secteurs de l\u2019industrie\u00a0: pharmacie, cosm\u00e9tique, peinture, textile, plastique, papier, agriculture, agro-alimentaire, aromes, parfums, d\u00e9tergents, lubrifiants.<a href=\"http:\/\/www.chabbert-chimie.com\/wp-content\/uploads\/2016\/03\/billionphotos-2145384.jpg\" rel=\"attachment wp-att-737\"><img loading=\"lazy\" decoding=\"async\" class=\"size-medium wp-image-737 alignright\" src=\"http:\/\/www.chabbert-chimie.com\/wp-content\/uploads\/2016\/03\/billionphotos-2145384-300x212.jpg\" alt=\"billionphotos-2145384\" width=\"300\" height=\"212\" srcset=\"https:\/\/www.chabbert-chimie.com\/wp-content\/uploads\/2016\/03\/billionphotos-2145384-300x212.jpg 300w, https:\/\/www.chabbert-chimie.com\/wp-content\/uploads\/2016\/03\/billionphotos-2145384.jpg 500w\" sizes=\"auto, (max-width: 300px) 100vw, 300px\" \/><\/a><\/p>\n<p style=\"text-align: justify;\">Enfin\u00a0nous pourrions dire\u00a0que <strong>la formulation est un art et que le formulateur est l\u2019artiste qui cr\u00e9e la recette<\/strong>. Car tout comme une recette culinaire gourmande, cela demande de l\u2019intuition, un peu de th\u00e9orie mais surtout beaucoup d\u2019exp\u00e9rience et de connaissance des ingr\u00e9dients. La passion, la cr\u00e9ativit\u00e9, l\u2019observation, le sens de l\u2019\u00e9quilibre et une organisation rigoureuse, telles sont les qualit\u00e9s du formulateur\u00a0!<\/p>\n<p><strong>\u00a0<\/strong><\/p>\n<\/div>\n<p>&nbsp;<\/p>\n","protected":false},"excerpt":{"rendered":"<p>Une Science ou un Art ? La formulation\u00a0chimique est probablement les deux \u00e0 la fois : une science\u00a0et un art. Elle est omnipr\u00e9sente dans notre vie quotidienne et contribue formidablement \u00e0 notre confort. Bon nombre de personnes n\u2019en\u00a0soup\u00e7onnent pas l&rsquo;importance et pourtant, sans cette discipline nos vies actuelles nous sembleraient bien tristes. Mais qu\u2019est-ce donc [&hellip;]<\/p>\n","protected":false},"author":1,"featured_media":0,"parent":7,"menu_order":0,"comment_status":"closed","ping_status":"closed","template":"","meta":{"footnotes":""},"class_list":["post-15","page","type-page","status-publish","hentry"],"aioseo_notices":[],"_links":{"self":[{"href":"https:\/\/www.chabbert-chimie.com\/index.php\/wp-json\/wp\/v2\/pages\/15","targetHints":{"allow":["GET"]}}],"collection":[{"href":"https:\/\/www.chabbert-chimie.com\/index.php\/wp-json\/wp\/v2\/pages"}],"about":[{"href":"https:\/\/www.chabbert-chimie.com\/index.php\/wp-json\/wp\/v2\/types\/page"}],"author":[{"embeddable":true,"href":"https:\/\/www.chabbert-chimie.com\/index.php\/wp-json\/wp\/v2\/users\/1"}],"replies":[{"embeddable":true,"href":"https:\/\/www.chabbert-chimie.com\/index.php\/wp-json\/wp\/v2\/comments?post=15"}],"version-history":[{"count":40,"href":"https:\/\/www.chabbert-chimie.com\/index.php\/wp-json\/wp\/v2\/pages\/15\/revisions"}],"predecessor-version":[{"id":126,"href":"https:\/\/www.chabbert-chimie.com\/index.php\/wp-json\/wp\/v2\/pages\/15\/revisions\/126"}],"up":[{"embeddable":true,"href":"https:\/\/www.chabbert-chimie.com\/index.php\/wp-json\/wp\/v2\/pages\/7"}],"wp:attachment":[{"href":"https:\/\/www.chabbert-chimie.com\/index.php\/wp-json\/wp\/v2\/media?parent=15"}],"curies":[{"name":"wp","href":"https:\/\/api.w.org\/{rel}","templated":true}]}}