{"id":47,"date":"2016-03-31T13:06:25","date_gmt":"2016-03-31T12:06:25","guid":{"rendered":"http:\/\/www.chabbert-chimie.com\/?page_id=47"},"modified":"2016-12-21T17:01:25","modified_gmt":"2016-12-21T16:01:25","slug":"bases-cosmetiques","status":"publish","type":"page","link":"https:\/\/www.chabbert-chimie.com\/index.php\/produits\/ingredients\/bases-cosmetiques\/","title":{"rendered":"Cosm\u00e9tique"},"content":{"rendered":"<p style=\"text-align: justify;\"><a href=\"http:\/\/www.chabbert-chimie.com\/wp-content\/uploads\/2016\/03\/billionphotos-915794.png\" rel=\"attachment wp-att-724\"><img loading=\"lazy\" decoding=\"async\" class=\"size-medium wp-image-724 alignright\" src=\"http:\/\/www.chabbert-chimie.com\/wp-content\/uploads\/2016\/03\/billionphotos-915794-278x300.png\" alt=\"billionphotos-915794\" width=\"278\" height=\"300\" srcset=\"https:\/\/www.chabbert-chimie.com\/wp-content\/uploads\/2016\/03\/billionphotos-915794-278x300.png 278w, https:\/\/www.chabbert-chimie.com\/wp-content\/uploads\/2016\/03\/billionphotos-915794.png 464w\" sizes=\"auto, (max-width: 278px) 100vw, 278px\" \/><\/a><strong>BASE DH 25 : Base lavante concentr\u00e9e<\/strong><\/p>\n<p style=\"text-align: justify;\">Base\u00a0lavante de qualit\u00e9 cosm\u00e9tique\u00a0sp\u00e9cialement \u00e9labor\u00e9e pour fabriquer par simple dilution\u00a0avec de \u00a0l&rsquo;eau froide et addition \u00e9ventuelle de parfum, colorant ou autre additif mineur, des produits d&rsquo;hygi\u00e8ne corporelle (Shampoing cheveux, corps, gel mains, etc&#8230;). Ce produit contient tous les ingr\u00e9dients n\u00e9cessaires pour un r\u00e9sultat optimis\u00e9 : mousse flash, agent hydratant, lavant, etc&#8230;<\/p>\n<p><a href=\"http:\/\/www.chabbert-chimie.com\/wp-content\/uploads\/2016\/12\/BASE_DH_25-FT.pdf\" target=\"_blank\">BASE DH 25 &#8211; Fiche technique \u00e0 t\u00e9l\u00e9charger<\/a><\/p>\n","protected":false},"excerpt":{"rendered":"<p>BASE DH 25 : Base lavante concentr\u00e9e Base\u00a0lavante de qualit\u00e9 cosm\u00e9tique\u00a0sp\u00e9cialement \u00e9labor\u00e9e pour fabriquer par simple dilution\u00a0avec de \u00a0l&rsquo;eau froide et addition \u00e9ventuelle de parfum, colorant ou autre additif mineur, des produits d&rsquo;hygi\u00e8ne corporelle (Shampoing cheveux, corps, gel mains, etc&#8230;). Ce produit contient tous les ingr\u00e9dients n\u00e9cessaires pour un r\u00e9sultat optimis\u00e9 : mousse flash, agent [&hellip;]<\/p>\n","protected":false},"author":1,"featured_media":0,"parent":31,"menu_order":0,"comment_status":"closed","ping_status":"closed","template":"","meta":{"footnotes":""},"class_list":["post-47","page","type-page","status-publish","hentry"],"aioseo_notices":[],"_links":{"self":[{"href":"https:\/\/www.chabbert-chimie.com\/index.php\/wp-json\/wp\/v2\/pages\/47","targetHints":{"allow":["GET"]}}],"collection":[{"href":"https:\/\/www.chabbert-chimie.com\/index.php\/wp-json\/wp\/v2\/pages"}],"about":[{"href":"https:\/\/www.chabbert-chimie.com\/index.php\/wp-json\/wp\/v2\/types\/page"}],"author":[{"embeddable":true,"href":"https:\/\/www.chabbert-chimie.com\/index.php\/wp-json\/wp\/v2\/users\/1"}],"replies":[{"embeddable":true,"href":"https:\/\/www.chabbert-chimie.com\/index.php\/wp-json\/wp\/v2\/comments?post=47"}],"version-history":[{"count":7,"href":"https:\/\/www.chabbert-chimie.com\/index.php\/wp-json\/wp\/v2\/pages\/47\/revisions"}],"predecessor-version":[{"id":729,"href":"https:\/\/www.chabbert-chimie.com\/index.php\/wp-json\/wp\/v2\/pages\/47\/revisions\/729"}],"up":[{"embeddable":true,"href":"https:\/\/www.chabbert-chimie.com\/index.php\/wp-json\/wp\/v2\/pages\/31"}],"wp:attachment":[{"href":"https:\/\/www.chabbert-chimie.com\/index.php\/wp-json\/wp\/v2\/media?parent=47"}],"curies":[{"name":"wp","href":"https:\/\/api.w.org\/{rel}","templated":true}]}}