{"id":49,"date":"2016-03-31T13:07:09","date_gmt":"2016-03-31T12:07:09","guid":{"rendered":"http:\/\/www.chabbert-chimie.com\/?page_id=49"},"modified":"2016-12-21T16:27:42","modified_gmt":"2016-12-21T15:27:42","slug":"bases-detergence","status":"publish","type":"page","link":"https:\/\/www.chabbert-chimie.com\/index.php\/produits\/ingredients\/bases-detergence\/","title":{"rendered":"Surfactants"},"content":{"rendered":"<h2 style=\"text-align: left;\"><a href=\"http:\/\/www.chabbert-chimie.com\/wp-content\/uploads\/2016\/12\/billionphotos-1035305.png\" rel=\"attachment wp-att-685\"><img loading=\"lazy\" decoding=\"async\" class=\"size-medium wp-image-685 alignleft\" src=\"http:\/\/www.chabbert-chimie.com\/wp-content\/uploads\/2016\/12\/billionphotos-1035305-259x300.png\" alt=\"billionphotos-1035305\" width=\"259\" height=\"300\" srcset=\"https:\/\/www.chabbert-chimie.com\/wp-content\/uploads\/2016\/12\/billionphotos-1035305-259x300.png 259w, https:\/\/www.chabbert-chimie.com\/wp-content\/uploads\/2016\/12\/billionphotos-1035305.png 431w\" sizes=\"auto, (max-width: 259px) 100vw, 259px\" \/><\/a>La BASE N est une base neutre concentr\u00e9e permettant de r\u00e9aliser \u00e0 froid tout type de produit d\u00e9tergent\u00a0par simple dilution avec de l\u2019eau. Cette base peut \u00eatre utilis\u00e9e seule ou en combinaison avec d\u2019autres produits tels\u00a0: surfactants anioniques, cationiques ou non-ioniques, d\u00e9sinfectants, acides, bases, parfums, colorants, \u00e9paississants, conservateurs, etc\u2026<\/h2>\n<p style=\"text-align: justify;\">Sa composition \u00e0 \u00e9t\u00e9 optimis\u00e9e pour offrir une grand polyvalence d\u2019application notamment gr\u00e2ce \u00e0 son pouvoir d\u00e9tergent, dispersant, \u00e9mulsifiant et \u00e0 mousse contr\u00f4l\u00e9e. Ce produit est donc tr\u00e8s conseill\u00e9 pour la formulation de nettoyants de surfaces (sols, vitres, vaisselle mains, v\u00e9hicules, d\u00e9graissants, etc\u2026).<\/p>\n<p style=\"text-align: justify;\">Le produit \u00e9tant liquide, sa mise en \u0153uvre (transvasement) est simplifi\u00e9 \u00e0 l\u2019extr\u00eame et une simple cuve munie d\u2019une agitation suffit pour sa dilution. Par ailleurs, il est possible de r\u00e9aliser la plupart des m\u00e9langes avec de l\u2019eau froide (ou ti\u00e8de) car la BASE N est d\u2019une grande solubilit\u00e9 et ne forme pas de gel lors de la pr\u00e9paration.<\/p>\n<p style=\"text-align: justify;\">Lorsqu\u2019elle est utilis\u00e9e en combinaison avec la BASE DH 25, le BASE N permet d\u2019obtenir tout type de viscosit\u00e9 par simple ajout de sel (chlorure de sodium). Cette propri\u00e9t\u00e9 est int\u00e9ressant, notamment pour la r\u00e9alisation de liquides vaisselles et de d\u00e9tergents tous usages.<\/p>\n<p style=\"text-align: justify;\">La quantit\u00e9 de BASE N \u00e0 utiliser dans les produits finis est tr\u00e8s variable et est fonction des applications. A titre indicatif, le pourcentage \u00e0 utiliser dans les formulations est de 1 \u00e0 20 %. Il est conseill\u00e9 de faire des essais pr\u00e9alables afin de d\u00e9terminer le dosage optimal.<\/p>\n<p><a href=\"http:\/\/www.chabbert-chimie.com\/wp-content\/uploads\/2016\/12\/BASE_N-FT.pdf\" target=\"_blank\">T\u00e9l\u00e9charger la Fiche Technique (pdf)<\/a><\/p>\n<p><a href=\"http:\/\/www.chabbert-chimie.com\/wp-content\/uploads\/2016\/12\/FORMULES_DETERGENCE.pdf\" target=\"_blank\">T\u00e9l\u00e9charger des exemples de formules (pdf)<\/a><\/p>\n<p>&nbsp;<\/p>\n","protected":false},"excerpt":{"rendered":"<p>La BASE N est une base neutre concentr\u00e9e permettant de r\u00e9aliser \u00e0 froid tout type de produit d\u00e9tergent\u00a0par simple dilution avec de l\u2019eau. Cette base peut \u00eatre utilis\u00e9e seule ou en combinaison avec d\u2019autres produits tels\u00a0: surfactants anioniques, cationiques ou non-ioniques, d\u00e9sinfectants, acides, bases, parfums, colorants, \u00e9paississants, conservateurs, etc\u2026 Sa composition \u00e0 \u00e9t\u00e9 optimis\u00e9e pour [&hellip;]<\/p>\n","protected":false},"author":1,"featured_media":0,"parent":31,"menu_order":1,"comment_status":"closed","ping_status":"closed","template":"","meta":{"footnotes":""},"class_list":["post-49","page","type-page","status-publish","hentry"],"aioseo_notices":[],"_links":{"self":[{"href":"https:\/\/www.chabbert-chimie.com\/index.php\/wp-json\/wp\/v2\/pages\/49","targetHints":{"allow":["GET"]}}],"collection":[{"href":"https:\/\/www.chabbert-chimie.com\/index.php\/wp-json\/wp\/v2\/pages"}],"about":[{"href":"https:\/\/www.chabbert-chimie.com\/index.php\/wp-json\/wp\/v2\/types\/page"}],"author":[{"embeddable":true,"href":"https:\/\/www.chabbert-chimie.com\/index.php\/wp-json\/wp\/v2\/users\/1"}],"replies":[{"embeddable":true,"href":"https:\/\/www.chabbert-chimie.com\/index.php\/wp-json\/wp\/v2\/comments?post=49"}],"version-history":[{"count":7,"href":"https:\/\/www.chabbert-chimie.com\/index.php\/wp-json\/wp\/v2\/pages\/49\/revisions"}],"predecessor-version":[{"id":722,"href":"https:\/\/www.chabbert-chimie.com\/index.php\/wp-json\/wp\/v2\/pages\/49\/revisions\/722"}],"up":[{"embeddable":true,"href":"https:\/\/www.chabbert-chimie.com\/index.php\/wp-json\/wp\/v2\/pages\/31"}],"wp:attachment":[{"href":"https:\/\/www.chabbert-chimie.com\/index.php\/wp-json\/wp\/v2\/media?parent=49"}],"curies":[{"name":"wp","href":"https:\/\/api.w.org\/{rel}","templated":true}]}}