{"id":51,"date":"2016-03-31T13:07:42","date_gmt":"2016-03-31T12:07:42","guid":{"rendered":"http:\/\/www.chabbert-chimie.com\/?page_id=51"},"modified":"2016-12-21T16:41:27","modified_gmt":"2016-12-21T15:41:27","slug":"produits-divers","status":"publish","type":"page","link":"https:\/\/www.chabbert-chimie.com\/index.php\/produits\/ingredients\/produits-divers\/","title":{"rendered":"Divers"},"content":{"rendered":"<p style=\"text-align: justify;\">Si vous recherchez un partenaire externe, sur demande nous pourrons r\u00e9aliser industriellement des formulations sp\u00e9cifiquement adapt\u00e9es \u00e0 vos besoins et ce, dans divers domaines :<\/p>\n<p style=\"text-align: left;\"><img loading=\"lazy\" decoding=\"async\" class=\"wp-image-578 alignleft\" src=\"http:\/\/www.chabbert-chimie.com\/wp-content\/uploads\/2016\/03\/labo_4-183x300.png\" alt=\"labo_4\" width=\"98\" height=\"160\" srcset=\"https:\/\/www.chabbert-chimie.com\/wp-content\/uploads\/2016\/03\/labo_4-183x300.png 183w, https:\/\/www.chabbert-chimie.com\/wp-content\/uploads\/2016\/03\/labo_4-768x1259.png 768w, https:\/\/www.chabbert-chimie.com\/wp-content\/uploads\/2016\/03\/labo_4-625x1024.png 625w, https:\/\/www.chabbert-chimie.com\/wp-content\/uploads\/2016\/03\/labo_4-600x984.png 600w, https:\/\/www.chabbert-chimie.com\/wp-content\/uploads\/2016\/03\/labo_4-624x1023.png 624w, https:\/\/www.chabbert-chimie.com\/wp-content\/uploads\/2016\/03\/labo_4.png 1455w\" sizes=\"auto, (max-width: 98px) 100vw, 98px\" \/><\/p>\n<ul style=\"list-style-type: circle;\">\n<li>Peinture<\/li>\n<li>papier<\/li>\n<li>Isolant fibres<\/li>\n<li>polym\u00e8res<\/li>\n<li>m\u00e9tal working<\/li>\n<li>agrochimie<\/li>\n<li>ETC&#8230;<\/li>\n<\/ul>\n<p>Pour tout renseignement ou demande pri\u00e8re de<a href=\"mailto:info@chabbert-chimie.com\" target=\"_blank\"><span style=\"color: #0066cc;\"> nous contacter ici<\/span><\/a><\/p>\n","protected":false},"excerpt":{"rendered":"<p>Si vous recherchez un partenaire externe, sur demande nous pourrons r\u00e9aliser industriellement des formulations sp\u00e9cifiquement adapt\u00e9es \u00e0 vos besoins et ce, dans divers domaines : Peinture papier Isolant fibres polym\u00e8res m\u00e9tal working agrochimie ETC&#8230; Pour tout renseignement ou demande pri\u00e8re de nous contacter ici<\/p>\n","protected":false},"author":1,"featured_media":0,"parent":31,"menu_order":2,"comment_status":"closed","ping_status":"closed","template":"","meta":{"footnotes":""},"class_list":["post-51","page","type-page","status-publish","hentry"],"aioseo_notices":[],"_links":{"self":[{"href":"https:\/\/www.chabbert-chimie.com\/index.php\/wp-json\/wp\/v2\/pages\/51","targetHints":{"allow":["GET"]}}],"collection":[{"href":"https:\/\/www.chabbert-chimie.com\/index.php\/wp-json\/wp\/v2\/pages"}],"about":[{"href":"https:\/\/www.chabbert-chimie.com\/index.php\/wp-json\/wp\/v2\/types\/page"}],"author":[{"embeddable":true,"href":"https:\/\/www.chabbert-chimie.com\/index.php\/wp-json\/wp\/v2\/users\/1"}],"replies":[{"embeddable":true,"href":"https:\/\/www.chabbert-chimie.com\/index.php\/wp-json\/wp\/v2\/comments?post=51"}],"version-history":[{"count":6,"href":"https:\/\/www.chabbert-chimie.com\/index.php\/wp-json\/wp\/v2\/pages\/51\/revisions"}],"predecessor-version":[{"id":728,"href":"https:\/\/www.chabbert-chimie.com\/index.php\/wp-json\/wp\/v2\/pages\/51\/revisions\/728"}],"up":[{"embeddable":true,"href":"https:\/\/www.chabbert-chimie.com\/index.php\/wp-json\/wp\/v2\/pages\/31"}],"wp:attachment":[{"href":"https:\/\/www.chabbert-chimie.com\/index.php\/wp-json\/wp\/v2\/media?parent=51"}],"curies":[{"name":"wp","href":"https:\/\/api.w.org\/{rel}","templated":true}]}}