{"id":53,"date":"2016-03-31T13:08:31","date_gmt":"2016-03-31T12:08:31","guid":{"rendered":"http:\/\/www.chabbert-chimie.com\/?page_id=53"},"modified":"2016-12-21T16:22:04","modified_gmt":"2016-12-21T15:22:04","slug":"formulations-sur-demande","status":"publish","type":"page","link":"https:\/\/www.chabbert-chimie.com\/index.php\/services\/formulations-sur-demande\/","title":{"rendered":"Recherche de formule &#8211; Fabrication \u00e0 fa\u00e7on"},"content":{"rendered":"<p><a href=\"http:\/\/www.chabbert-chimie.com\/wp-content\/uploads\/2016\/03\/laboTex.jpg\" rel=\"attachment wp-att-213\"><img loading=\"lazy\" decoding=\"async\" class=\"size-full wp-image-213 alignright\" src=\"http:\/\/www.chabbert-chimie.com\/wp-content\/uploads\/2016\/03\/laboTex.jpg\" alt=\"laboTex\" width=\"171\" height=\"283\" \/><\/a><\/p>\n<p><span style=\"color: #000000; font-family: Calibri; font-size: medium;\">Dans le cadre de notre activit\u00e9, nous proposons les services suivants\u00a0:<\/span><\/p>\n<ul>\n<li><span style=\"color: #000000; font-family: Calibri; font-size: medium;\">Recherche de formules sp\u00e9cifiques, analyses de produits, caract\u00e9risations, etc\u2026<\/span><\/li>\n<li><span style=\"color: #000000; font-family: Calibri; font-size: medium;\">R\u00e9alisation de vos m\u00e9langes et fabrication \u00e0 fa\u00e7on de vos produits par batch de 30 kg \u00e0 1000 kg.<\/span><\/li>\n<\/ul>\n<p><span style=\"color: #000000; font-family: Calibri; font-size: medium;\">Pour toute information compl\u00e9mentaire, n\u2019h\u00e9sitez pas \u00e0 nous contacter via le formulaire de contact.<\/span><\/p>\n<p>&nbsp;<\/p>\n","protected":false},"excerpt":{"rendered":"<p>Dans le cadre de notre activit\u00e9, nous proposons les services suivants\u00a0: Recherche de formules sp\u00e9cifiques, analyses de produits, caract\u00e9risations, etc\u2026 R\u00e9alisation de vos m\u00e9langes et fabrication \u00e0 fa\u00e7on de vos produits par batch de 30 kg \u00e0 1000 kg. Pour toute information compl\u00e9mentaire, n\u2019h\u00e9sitez pas \u00e0 nous contacter via le formulaire de contact. &nbsp;<\/p>\n","protected":false},"author":1,"featured_media":0,"parent":11,"menu_order":0,"comment_status":"closed","ping_status":"closed","template":"","meta":{"footnotes":""},"class_list":["post-53","page","type-page","status-publish","hentry"],"aioseo_notices":[],"_links":{"self":[{"href":"https:\/\/www.chabbert-chimie.com\/index.php\/wp-json\/wp\/v2\/pages\/53","targetHints":{"allow":["GET"]}}],"collection":[{"href":"https:\/\/www.chabbert-chimie.com\/index.php\/wp-json\/wp\/v2\/pages"}],"about":[{"href":"https:\/\/www.chabbert-chimie.com\/index.php\/wp-json\/wp\/v2\/types\/page"}],"author":[{"embeddable":true,"href":"https:\/\/www.chabbert-chimie.com\/index.php\/wp-json\/wp\/v2\/users\/1"}],"replies":[{"embeddable":true,"href":"https:\/\/www.chabbert-chimie.com\/index.php\/wp-json\/wp\/v2\/comments?post=53"}],"version-history":[{"count":8,"href":"https:\/\/www.chabbert-chimie.com\/index.php\/wp-json\/wp\/v2\/pages\/53\/revisions"}],"predecessor-version":[{"id":720,"href":"https:\/\/www.chabbert-chimie.com\/index.php\/wp-json\/wp\/v2\/pages\/53\/revisions\/720"}],"up":[{"embeddable":true,"href":"https:\/\/www.chabbert-chimie.com\/index.php\/wp-json\/wp\/v2\/pages\/11"}],"wp:attachment":[{"href":"https:\/\/www.chabbert-chimie.com\/index.php\/wp-json\/wp\/v2\/media?parent=53"}],"curies":[{"name":"wp","href":"https:\/\/api.w.org\/{rel}","templated":true}]}}