{"id":59,"date":"2016-03-31T13:10:34","date_gmt":"2016-03-31T12:10:34","guid":{"rendered":"http:\/\/www.chabbert-chimie.com\/?page_id=59"},"modified":"2016-04-08T09:14:41","modified_gmt":"2016-04-08T08:14:41","slug":"redaction-de-fds","status":"publish","type":"page","link":"https:\/\/www.chabbert-chimie.com\/index.php\/services\/redaction-de-fds\/","title":{"rendered":"R\u00e9daction de FDS"},"content":{"rendered":"<p style=\"text-align: justify;\">Pour toute nouvelle formulation, nous \u00e9laborons la <strong>fiche de donn\u00e9es de s\u00e9curit\u00e9<\/strong> conforme \u00e0 la r\u00e9glementation en vigueur. Nous utilisons pour cela un syst\u00e8me expert\u00a0nous permettant d&rsquo;\u00e9laborer efficacement ces documents en relation avec une base de donn\u00e9es r\u00e8glementaire en constante mise \u00e0 jour.\u00a0Ces FDS peuvent \u00eatre d\u00e9clin\u00e9es en plusieurs langues : Fran\u00e7ais, Anglais,\u00a0 Allemand.<\/p>\n<p><img loading=\"lazy\" decoding=\"async\" class=\"alignnone wp-image-345 size-thumbnail\" src=\"http:\/\/www.chabbert-chimie.com\/wp-content\/uploads\/2016\/03\/picto1-150x150.png\" alt=\"picto1\" width=\"150\" height=\"150\" srcset=\"https:\/\/www.chabbert-chimie.com\/wp-content\/uploads\/2016\/03\/picto1-150x150.png 150w, https:\/\/www.chabbert-chimie.com\/wp-content\/uploads\/2016\/03\/picto1-300x300.png 300w, https:\/\/www.chabbert-chimie.com\/wp-content\/uploads\/2016\/03\/picto1-768x768.png 768w, https:\/\/www.chabbert-chimie.com\/wp-content\/uploads\/2016\/03\/picto1-1024x1024.png 1024w, https:\/\/www.chabbert-chimie.com\/wp-content\/uploads\/2016\/03\/picto1-600x600.png 600w, https:\/\/www.chabbert-chimie.com\/wp-content\/uploads\/2016\/03\/picto1-624x624.png 624w, https:\/\/www.chabbert-chimie.com\/wp-content\/uploads\/2016\/03\/picto1.png 2000w\" sizes=\"auto, (max-width: 150px) 100vw, 150px\" \/> <img loading=\"lazy\" decoding=\"async\" class=\"alignnone wp-image-346 size-thumbnail\" src=\"http:\/\/www.chabbert-chimie.com\/wp-content\/uploads\/2016\/03\/picto2-150x150.png\" alt=\"picto2\" width=\"150\" height=\"150\" srcset=\"https:\/\/www.chabbert-chimie.com\/wp-content\/uploads\/2016\/03\/picto2-150x150.png 150w, https:\/\/www.chabbert-chimie.com\/wp-content\/uploads\/2016\/03\/picto2-300x300.png 300w, https:\/\/www.chabbert-chimie.com\/wp-content\/uploads\/2016\/03\/picto2-768x768.png 768w, https:\/\/www.chabbert-chimie.com\/wp-content\/uploads\/2016\/03\/picto2-1024x1024.png 1024w, https:\/\/www.chabbert-chimie.com\/wp-content\/uploads\/2016\/03\/picto2-600x600.png 600w, https:\/\/www.chabbert-chimie.com\/wp-content\/uploads\/2016\/03\/picto2-624x624.png 624w, https:\/\/www.chabbert-chimie.com\/wp-content\/uploads\/2016\/03\/picto2.png 2000w\" sizes=\"auto, (max-width: 150px) 100vw, 150px\" \/> <img loading=\"lazy\" decoding=\"async\" class=\"alignnone wp-image-347 size-thumbnail\" src=\"http:\/\/www.chabbert-chimie.com\/wp-content\/uploads\/2016\/03\/picto3-150x150.png\" alt=\"picto3\" width=\"150\" height=\"150\" srcset=\"https:\/\/www.chabbert-chimie.com\/wp-content\/uploads\/2016\/03\/picto3-150x150.png 150w, https:\/\/www.chabbert-chimie.com\/wp-content\/uploads\/2016\/03\/picto3-300x300.png 300w, https:\/\/www.chabbert-chimie.com\/wp-content\/uploads\/2016\/03\/picto3.png 432w\" sizes=\"auto, (max-width: 150px) 100vw, 150px\" \/><\/p>\n<p style=\"text-align: justify;\">Nous \u00e9ditons \u00e9galement les <strong>\u00e9tiquettes r\u00e8glementaires au format CPL<\/strong>.<\/p>\n<p style=\"text-align: justify;\">Sur demande nous pouvons \u00e9galement vous fournir\u00a0notre aide\u00a0pour la r\u00e9daction de vos\u00a0fiches de s\u00e9curit\u00e9 ainsi que vos \u00e9tiquettes r\u00e8glementaires. N&rsquo;h\u00e9sitez pas \u00e0 nous contacter.<\/p>\n","protected":false},"excerpt":{"rendered":"<p>Pour toute nouvelle formulation, nous \u00e9laborons la fiche de donn\u00e9es de s\u00e9curit\u00e9 conforme \u00e0 la r\u00e9glementation en vigueur. Nous utilisons pour cela un syst\u00e8me expert\u00a0nous permettant d&rsquo;\u00e9laborer efficacement ces documents en relation avec une base de donn\u00e9es r\u00e8glementaire en constante mise \u00e0 jour.\u00a0Ces FDS peuvent \u00eatre d\u00e9clin\u00e9es en plusieurs langues : Fran\u00e7ais, Anglais,\u00a0 Allemand. Nous [&hellip;]<\/p>\n","protected":false},"author":1,"featured_media":0,"parent":11,"menu_order":3,"comment_status":"closed","ping_status":"closed","template":"","meta":{"footnotes":""},"class_list":["post-59","page","type-page","status-publish","hentry"],"aioseo_notices":[],"_links":{"self":[{"href":"https:\/\/www.chabbert-chimie.com\/index.php\/wp-json\/wp\/v2\/pages\/59","targetHints":{"allow":["GET"]}}],"collection":[{"href":"https:\/\/www.chabbert-chimie.com\/index.php\/wp-json\/wp\/v2\/pages"}],"about":[{"href":"https:\/\/www.chabbert-chimie.com\/index.php\/wp-json\/wp\/v2\/types\/page"}],"author":[{"embeddable":true,"href":"https:\/\/www.chabbert-chimie.com\/index.php\/wp-json\/wp\/v2\/users\/1"}],"replies":[{"embeddable":true,"href":"https:\/\/www.chabbert-chimie.com\/index.php\/wp-json\/wp\/v2\/comments?post=59"}],"version-history":[{"count":3,"href":"https:\/\/www.chabbert-chimie.com\/index.php\/wp-json\/wp\/v2\/pages\/59\/revisions"}],"predecessor-version":[{"id":429,"href":"https:\/\/www.chabbert-chimie.com\/index.php\/wp-json\/wp\/v2\/pages\/59\/revisions\/429"}],"up":[{"embeddable":true,"href":"https:\/\/www.chabbert-chimie.com\/index.php\/wp-json\/wp\/v2\/pages\/11"}],"wp:attachment":[{"href":"https:\/\/www.chabbert-chimie.com\/index.php\/wp-json\/wp\/v2\/media?parent=59"}],"curies":[{"name":"wp","href":"https:\/\/api.w.org\/{rel}","templated":true}]}}