{"id":61,"date":"2016-03-31T13:11:09","date_gmt":"2016-03-31T12:11:09","guid":{"rendered":"http:\/\/www.chabbert-chimie.com\/?page_id=61"},"modified":"2016-12-21T16:02:56","modified_gmt":"2016-12-21T15:02:56","slug":"expertise-de-procede","status":"publish","type":"page","link":"https:\/\/www.chabbert-chimie.com\/index.php\/services\/expertise-de-procede\/","title":{"rendered":"Expertise de proc\u00e9d\u00e9"},"content":{"rendered":"<p style=\"text-align: left;\"><a href=\"http:\/\/www.chabbert-chimie.com\/wp-content\/uploads\/2016\/12\/becher-250px.png\" rel=\"attachment wp-att-711\"><img loading=\"lazy\" decoding=\"async\" class=\"size-full wp-image-711 alignright\" src=\"http:\/\/www.chabbert-chimie.com\/wp-content\/uploads\/2016\/12\/becher-250px.png\" alt=\"becher-250px\" width=\"250\" height=\"250\" srcset=\"https:\/\/www.chabbert-chimie.com\/wp-content\/uploads\/2016\/12\/becher-250px.png 250w, https:\/\/www.chabbert-chimie.com\/wp-content\/uploads\/2016\/12\/becher-250px-150x150.png 150w\" sizes=\"auto, (max-width: 250px) 100vw, 250px\" \/><\/a><\/p>\n<p style=\"text-align: justify;\"><span style=\"color: #444444; font-family: 'Helvetica','sans-serif'; font-size: 10.5pt;\">Que ce soit dans le simple\u00a0but d&rsquo;am\u00e9liorer\u00a0l&rsquo;un de vos\u00a0proc\u00e9d\u00e9s de production ou bien dans le cadre d\u2019un nouveau projet innovant n\u00e9cessitant des comp\u00e9tences en analyse de proc\u00e9d\u00e9s, nous pouvons vous apporter notre solide exp\u00e9rience en chimie applicative par une approche structur\u00e9e et rigoureuse. <\/span><\/p>\n<p style=\"text-align: justify;\"><span style=\"color: #444444; font-family: 'Helvetica','sans-serif'; font-size: 10.5pt;\">Pour cela n&rsquo;h\u00e9ritez pas \u00e0 nous contacter afin de nous\u00a0faire\u00a0part de vos demandes.<\/span><\/p>\n<p>&nbsp;<\/p>\n","protected":false},"excerpt":{"rendered":"<p>Que ce soit dans le simple\u00a0but d&rsquo;am\u00e9liorer\u00a0l&rsquo;un de vos\u00a0proc\u00e9d\u00e9s de production ou bien dans le cadre d\u2019un nouveau projet innovant n\u00e9cessitant des comp\u00e9tences en analyse de proc\u00e9d\u00e9s, nous pouvons vous apporter notre solide exp\u00e9rience en chimie applicative par une approche structur\u00e9e et rigoureuse. Pour cela n&rsquo;h\u00e9ritez pas \u00e0 nous contacter afin de nous\u00a0faire\u00a0part de vos [&hellip;]<\/p>\n","protected":false},"author":1,"featured_media":0,"parent":11,"menu_order":4,"comment_status":"closed","ping_status":"closed","template":"","meta":{"footnotes":""},"class_list":["post-61","page","type-page","status-publish","hentry"],"aioseo_notices":[],"_links":{"self":[{"href":"https:\/\/www.chabbert-chimie.com\/index.php\/wp-json\/wp\/v2\/pages\/61","targetHints":{"allow":["GET"]}}],"collection":[{"href":"https:\/\/www.chabbert-chimie.com\/index.php\/wp-json\/wp\/v2\/pages"}],"about":[{"href":"https:\/\/www.chabbert-chimie.com\/index.php\/wp-json\/wp\/v2\/types\/page"}],"author":[{"embeddable":true,"href":"https:\/\/www.chabbert-chimie.com\/index.php\/wp-json\/wp\/v2\/users\/1"}],"replies":[{"embeddable":true,"href":"https:\/\/www.chabbert-chimie.com\/index.php\/wp-json\/wp\/v2\/comments?post=61"}],"version-history":[{"count":8,"href":"https:\/\/www.chabbert-chimie.com\/index.php\/wp-json\/wp\/v2\/pages\/61\/revisions"}],"predecessor-version":[{"id":718,"href":"https:\/\/www.chabbert-chimie.com\/index.php\/wp-json\/wp\/v2\/pages\/61\/revisions\/718"}],"up":[{"embeddable":true,"href":"https:\/\/www.chabbert-chimie.com\/index.php\/wp-json\/wp\/v2\/pages\/11"}],"wp:attachment":[{"href":"https:\/\/www.chabbert-chimie.com\/index.php\/wp-json\/wp\/v2\/media?parent=61"}],"curies":[{"name":"wp","href":"https:\/\/api.w.org\/{rel}","templated":true}]}}